{"id":11792,"date":"2024-09-16T15:01:46","date_gmt":"2024-09-16T13:01:46","guid":{"rendered":"https:\/\/www.napolibnb.it\/?page_id=11792"},"modified":"2024-10-15T09:36:14","modified_gmt":"2024-10-15T07:36:14","slug":"come-pubblicare-un-annuncio","status":"publish","type":"page","link":"https:\/\/frosty-liskov.5-9-123-216.plesk.page\/en\/come-pubblicare-un-annuncio\/","title":{"rendered":"Come pubblicare"},"content":{"rendered":"<div data-elementor-type=\"wp-page\" data-elementor-id=\"11792\" class=\"elementor elementor-11792\">\n\t\t\t\t\t\t<section class=\"elementor-section elementor-top-section elementor-element elementor-element-2cc553cc elementor-section-full_width elementor-section-height-default elementor-section-height-default\" data-id=\"2cc553cc\" data-element_type=\"section\" data-e-type=\"section\" data-settings=\"{&quot;background_background&quot;:&quot;classic&quot;}\">\n\t\t\t\t\t\t<div class=\"elementor-container elementor-column-gap-default\">\n\t\t\t\t\t<div class=\"elementor-column elementor-col-100 elementor-top-column elementor-element elementor-element-4f809123\" data-id=\"4f809123\" data-element_type=\"column\" data-e-type=\"column\">\n\t\t\t<div class=\"elementor-widget-wrap elementor-element-populated\">\n\t\t\t\t\t\t<section class=\"elementor-section elementor-inner-section elementor-element elementor-element-73ceb154 elementor-section-height-min-height elementor-section-boxed elementor-section-height-default\" data-id=\"73ceb154\" data-element_type=\"section\" data-e-type=\"section\" data-settings=\"{&quot;background_background&quot;:&quot;classic&quot;}\">\n\t\t\t\t\t\t\t<div class=\"elementor-background-overlay\"><\/div>\n\t\t\t\t\t\t\t<div class=\"elementor-container elementor-column-gap-default\">\n\t\t\t\t\t<div class=\"elementor-column elementor-col-100 elementor-inner-column elementor-element elementor-element-15c1137e\" data-id=\"15c1137e\" data-element_type=\"column\" data-e-type=\"column\">\n\t\t\t<div class=\"elementor-widget-wrap elementor-element-populated\">\n\t\t\t\t\t\t<div class=\"elementor-element elementor-element-521f0397 elementor-widget elementor-widget-lst_heading_v2\" data-id=\"521f0397\" data-element_type=\"widget\" data-e-type=\"widget\" data-widget_type=\"lst_heading_v2.default\">\n\t\t\t\t<div class=\"elementor-widget-container\">\n\t\t\t\t\t<div class=\"listivo-heading-v2-wrapper\">\n    <div class=\"listivo-heading-v2 listivo-heading-v2--left listivo-heading-v2--tablet-center listivo-heading-v2--mobile-center\">\n        \n        <h2 class=\"listivo-heading-v2__text\">\n            Come Pubblicare Annunci        <\/h2>\n    <\/div>\n<\/div>\t\t\t\t<\/div>\n\t\t\t\t<\/div>\n\t\t\t\t<div class=\"elementor-element elementor-element-112db48 elementor-widget elementor-widget-spacer\" data-id=\"112db48\" data-element_type=\"widget\" data-e-type=\"widget\" data-widget_type=\"spacer.default\">\n\t\t\t\t<div class=\"elementor-widget-container\">\n\t\t\t\t\t\t\t<div class=\"elementor-spacer\">\n\t\t\t<div class=\"elementor-spacer-inner\"><\/div>\n\t\t<\/div>\n\t\t\t\t\t\t<\/div>\n\t\t\t\t<\/div>\n\t\t\t\t\t<\/div>\n\t\t<\/div>\n\t\t\t\t\t<\/div>\n\t\t<\/section>\n\t\t\t\t<div class=\"elementor-element elementor-element-717765fb elementor-widget elementor-widget-spacer\" data-id=\"717765fb\" data-element_type=\"widget\" data-e-type=\"widget\" data-widget_type=\"spacer.default\">\n\t\t\t\t<div class=\"elementor-widget-container\">\n\t\t\t\t\t\t\t<div class=\"elementor-spacer\">\n\t\t\t<div class=\"elementor-spacer-inner\"><\/div>\n\t\t<\/div>\n\t\t\t\t\t\t<\/div>\n\t\t\t\t<\/div>\n\t\t\t\t\t<\/div>\n\t\t<\/div>\n\t\t\t\t\t<\/div>\n\t\t<\/section>\n\t\t\t\t<section class=\"elementor-section elementor-top-section elementor-element elementor-element-3a688b03 elementor-section-boxed elementor-section-height-default elementor-section-height-default\" data-id=\"3a688b03\" data-element_type=\"section\" data-e-type=\"section\">\n\t\t\t\t\t\t<div class=\"elementor-container elementor-column-gap-default\">\n\t\t\t\t\t<div class=\"elementor-column elementor-col-100 elementor-top-column elementor-element elementor-element-5c8662af\" data-id=\"5c8662af\" data-element_type=\"column\" data-e-type=\"column\">\n\t\t\t<div class=\"elementor-widget-wrap elementor-element-populated\">\n\t\t\t\t\t\t<div class=\"elementor-element elementor-element-713f3236 elementor-widget elementor-widget-text-editor\" data-id=\"713f3236\" data-element_type=\"widget\" data-e-type=\"widget\" data-widget_type=\"text-editor.default\">\n\t\t\t\t<div class=\"elementor-widget-container\">\n\t\t\t\t\t\t\t\t\t<h3><strong>Come pubblicare un annuncio su Napolibnb.it?<\/strong><\/h3><p>Per inserire un annuncio su <strong>Napolibnb.it<\/strong>, basta cliccare sul pulsante &#8220;Inserisci annuncio&#8221; che trovi in alto a destra della pagina. Il processo \u00e8 semplice e rapido, e richiede solo pochi minuti per completare l&#8217;inserimento. Se \u00e8 la prima volta che pubblichi, ti verr\u00e0 richiesto di creare un account, permettendoti di gestire facilmente i tuoi annunci.<\/p><p>Ti consigliamo di evitare di inserire lo stesso annuncio in diverse zone o quartieri, poich\u00e9 abusi di questo tipo comporteranno la rimozione di tutti gli annunci coinvolti.<\/p><p>Ricorda che ogni annuncio deve essere approvato dal nostro team editoriale, quindi potrebbero essere necessarie alcune ore prima che il tuo annuncio venga pubblicato online.<\/p><hr \/><p><strong>Perch\u00e9 il mio annuncio \u00e8 stato cancellato?<\/strong><\/p><p>Se il tuo annuncio \u00e8 stato rimosso, probabilmente hai infranto una delle <strong>regole del sito<\/strong>. Tieni presente che non \u00e8 consentito ripubblicare lo stesso annuncio pi\u00f9 volte o inserirlo in pi\u00f9 categorie; l\u2019annuncio deve essere pubblicato solo nella categoria pi\u00f9 pertinente.<\/p><hr \/><p><strong>Come posso modificare un annuncio?<\/strong><\/p><p>Per modificare un annuncio, accedi alla tua area riservata e vai alla sezione &#8220;I miei annunci&#8221;. Qui troverai un&#8217;opzione &#8220;Modifica&#8221; per ogni annuncio. Puoi apportare modifiche tutte le volte che lo desideri.<\/p><hr \/><p><strong>Come eliminare un annuncio?<\/strong><\/p><p>Se desideri rimuovere un annuncio, accedi alla tua area riservata e vai alla sezione &#8220;I miei annunci&#8221;. Troverai un link &#8220;Elimina&#8221; accanto a ciascun annuncio pubblicato.<\/p><hr \/><p><strong>Cosa fare se ho dimenticato i miei dati di accesso?<\/strong><\/p><p>Se non ricordi la tua password, puoi reimpostarla facilmente attraverso la pagina di recupero password disponibile sul sito. Basteranno pochi passi per accedere nuovamente al tuo account.<\/p><hr \/><p><strong>Come rispondere a un annuncio?<\/strong><\/p><p>Per rispondere a un annuncio su <strong>Napolibnb.it<\/strong>, puoi contattare direttamente l\u2019inserzionista tramite il sistema di messaggistica o chat del sito.<\/p><hr \/><p><strong>Come segnalare un annuncio sospetto o inappropriato?<\/strong><\/p><p>Se trovi un annuncio che ritieni inappropriato o sospetto, ti invitiamo a segnalarlo. In ogni pagina di annuncio c&#8217;\u00e8 un link &#8220;Segnala un Abuso&#8221;, che puoi utilizzare per aiutarci a mantenere il sito sicuro e affidabile per tutti.<\/p>\t\t\t\t\t\t\t\t<\/div>\n\t\t\t\t<\/div>\n\t\t\t\t<div class=\"elementor-element elementor-element-7eb3325b elementor-widget elementor-widget-spacer\" data-id=\"7eb3325b\" data-element_type=\"widget\" data-e-type=\"widget\" data-widget_type=\"spacer.default\">\n\t\t\t\t<div class=\"elementor-widget-container\">\n\t\t\t\t\t\t\t<div class=\"elementor-spacer\">\n\t\t\t<div class=\"elementor-spacer-inner\"><\/div>\n\t\t<\/div>\n\t\t\t\t\t\t<\/div>\n\t\t\t\t<\/div>\n\t\t\t\t\t<\/div>\n\t\t<\/div>\n\t\t\t\t\t<\/div>\n\t\t<\/section>\n\t\t\t\t<\/div>","protected":false},"excerpt":{"rendered":"<p>Come Pubblicare Annunci Come pubblicare un annuncio su Napolibnb.it? Per inserire un annuncio su Napolibnb.it, basta cliccare sul pulsante &#8220;Inserisci annuncio&#8221; che trovi in alto a destra della pagina. Il processo \u00e8 semplice e rapido, e richiede solo pochi minuti per completare l&#8217;inserimento. Se \u00e8 la prima volta che pubblichi, ti verr\u00e0 richiesto di creare [&hellip;]<\/p>\n","protected":false},"author":29,"featured_media":0,"parent":0,"menu_order":0,"comment_status":"closed","ping_status":"closed","template":"","meta":{"footnotes":""},"class_list":["post-11792","page","type-page","status-publish","hentry"],"_links":{"self":[{"href":"https:\/\/frosty-liskov.5-9-123-216.plesk.page\/en\/wp-json\/wp\/v2\/pages\/11792","targetHints":{"allow":["GET"]}}],"collection":[{"href":"https:\/\/frosty-liskov.5-9-123-216.plesk.page\/en\/wp-json\/wp\/v2\/pages"}],"about":[{"href":"https:\/\/frosty-liskov.5-9-123-216.plesk.page\/en\/wp-json\/wp\/v2\/types\/page"}],"author":[{"embeddable":true,"href":"https:\/\/frosty-liskov.5-9-123-216.plesk.page\/en\/wp-json\/wp\/v2\/users\/29"}],"replies":[{"embeddable":true,"href":"https:\/\/frosty-liskov.5-9-123-216.plesk.page\/en\/wp-json\/wp\/v2\/comments?post=11792"}],"version-history":[{"count":14,"href":"https:\/\/frosty-liskov.5-9-123-216.plesk.page\/en\/wp-json\/wp\/v2\/pages\/11792\/revisions"}],"predecessor-version":[{"id":13851,"href":"https:\/\/frosty-liskov.5-9-123-216.plesk.page\/en\/wp-json\/wp\/v2\/pages\/11792\/revisions\/13851"}],"wp:attachment":[{"href":"https:\/\/frosty-liskov.5-9-123-216.plesk.page\/en\/wp-json\/wp\/v2\/media?parent=11792"}],"curies":[{"name":"wp","href":"https:\/\/api.w.org\/{rel}","templated":true}]}}