{"id":11637,"date":"2024-09-11T19:10:32","date_gmt":"2024-09-11T17:10:32","guid":{"rendered":"https:\/\/www.napolibnb.it\/?page_id=11637"},"modified":"2024-10-15T19:24:02","modified_gmt":"2024-10-15T17:24:02","slug":"attenti-alle-truffe","status":"publish","type":"page","link":"https:\/\/frosty-liskov.5-9-123-216.plesk.page\/en\/attenti-alle-truffe\/","title":{"rendered":"Attenti alle Truffe"},"content":{"rendered":"<div data-elementor-type=\"wp-page\" data-elementor-id=\"11637\" class=\"elementor elementor-11637\">\n\t\t\t\t\t\t<section class=\"elementor-section elementor-top-section elementor-element elementor-element-2cc553cc elementor-section-full_width elementor-section-height-default elementor-section-height-default\" data-id=\"2cc553cc\" data-element_type=\"section\" data-e-type=\"section\" data-settings=\"{&quot;background_background&quot;:&quot;classic&quot;}\">\n\t\t\t\t\t\t<div class=\"elementor-container elementor-column-gap-default\">\n\t\t\t\t\t<div class=\"elementor-column elementor-col-100 elementor-top-column elementor-element elementor-element-4f809123\" data-id=\"4f809123\" data-element_type=\"column\" data-e-type=\"column\">\n\t\t\t<div class=\"elementor-widget-wrap elementor-element-populated\">\n\t\t\t\t\t\t<section class=\"elementor-section elementor-inner-section elementor-element elementor-element-73ceb154 elementor-section-height-min-height elementor-section-boxed elementor-section-height-default\" data-id=\"73ceb154\" data-element_type=\"section\" data-e-type=\"section\" data-settings=\"{&quot;background_background&quot;:&quot;classic&quot;}\">\n\t\t\t\t\t\t\t<div class=\"elementor-background-overlay\"><\/div>\n\t\t\t\t\t\t\t<div class=\"elementor-container elementor-column-gap-default\">\n\t\t\t\t\t<div class=\"elementor-column elementor-col-100 elementor-inner-column elementor-element elementor-element-15c1137e\" data-id=\"15c1137e\" data-element_type=\"column\" data-e-type=\"column\">\n\t\t\t<div class=\"elementor-widget-wrap elementor-element-populated\">\n\t\t\t\t\t\t<div class=\"elementor-element elementor-element-521f0397 elementor-widget elementor-widget-lst_heading_v2\" data-id=\"521f0397\" data-element_type=\"widget\" data-e-type=\"widget\" data-widget_type=\"lst_heading_v2.default\">\n\t\t\t\t<div class=\"elementor-widget-container\">\n\t\t\t\t\t<div class=\"listivo-heading-v2-wrapper\">\n    <div class=\"listivo-heading-v2 listivo-heading-v2--left listivo-heading-v2--tablet-center listivo-heading-v2--mobile-center\">\n        \n        <h2 class=\"listivo-heading-v2__text\">\n            Attenti alle Truffe        <\/h2>\n    <\/div>\n<\/div>\t\t\t\t<\/div>\n\t\t\t\t<\/div>\n\t\t\t\t<div class=\"elementor-element elementor-element-112db48 elementor-widget elementor-widget-spacer\" data-id=\"112db48\" data-element_type=\"widget\" data-e-type=\"widget\" data-widget_type=\"spacer.default\">\n\t\t\t\t<div class=\"elementor-widget-container\">\n\t\t\t\t\t\t\t<div class=\"elementor-spacer\">\n\t\t\t<div class=\"elementor-spacer-inner\"><\/div>\n\t\t<\/div>\n\t\t\t\t\t\t<\/div>\n\t\t\t\t<\/div>\n\t\t\t\t\t<\/div>\n\t\t<\/div>\n\t\t\t\t\t<\/div>\n\t\t<\/section>\n\t\t\t\t<div class=\"elementor-element elementor-element-717765fb elementor-widget elementor-widget-spacer\" data-id=\"717765fb\" data-element_type=\"widget\" data-e-type=\"widget\" data-widget_type=\"spacer.default\">\n\t\t\t\t<div class=\"elementor-widget-container\">\n\t\t\t\t\t\t\t<div class=\"elementor-spacer\">\n\t\t\t<div class=\"elementor-spacer-inner\"><\/div>\n\t\t<\/div>\n\t\t\t\t\t\t<\/div>\n\t\t\t\t<\/div>\n\t\t\t\t\t<\/div>\n\t\t<\/div>\n\t\t\t\t\t<\/div>\n\t\t<\/section>\n\t\t\t\t<section class=\"elementor-section elementor-top-section elementor-element elementor-element-3a688b03 elementor-section-boxed elementor-section-height-default elementor-section-height-default\" data-id=\"3a688b03\" data-element_type=\"section\" data-e-type=\"section\">\n\t\t\t\t\t\t<div class=\"elementor-container elementor-column-gap-default\">\n\t\t\t\t\t<div class=\"elementor-column elementor-col-100 elementor-top-column elementor-element elementor-element-5c8662af\" data-id=\"5c8662af\" data-element_type=\"column\" data-e-type=\"column\">\n\t\t\t<div class=\"elementor-widget-wrap elementor-element-populated\">\n\t\t\t\t\t\t<div class=\"elementor-element elementor-element-713f3236 elementor-widget elementor-widget-text-editor\" data-id=\"713f3236\" data-element_type=\"widget\" data-e-type=\"widget\" data-widget_type=\"text-editor.default\">\n\t\t\t\t<div class=\"elementor-widget-container\">\n\t\t\t\t\t\t\t\t\t<h3>Consigli per evitare truffe online<\/h3><p>Napolibnb.it mette grande attenzione nella qualit\u00e0 degli annunci e nella sicurezza degli utenti. Tuttavia, vista la quantit\u00e0 di nuove inserzioni pubblicate ogni giorno, \u00e8 possibile che qualche annuncio fraudolento sfugga al nostro controllo. Come in qualsiasi transazione online, \u00e8 sempre bene mantenere alta la guardia per evitare spiacevoli sorprese.<\/p><p>Ecco alcuni semplici consigli per navigare e interagire in sicurezza su Napolibnb.it:<\/p><ol><li><strong>Napolibnb.it non funge da intermediario<\/strong> e non si occupa di gestire pagamenti o transazioni. Se qualcuno si presenta come parte del nostro team e ti chiede di inviare denaro per una prenotazione, diffida immediatamente: \u00e8 sicuramente una truffa!<\/li><li><strong>Preferisci sempre trattative locali<\/strong>. Cerca di incontrare di persona il proprietario della struttura quando possibile, per verificare la legittimit\u00e0 dell\u2019annuncio.<\/li><li><strong>Non effettuare mai pagamenti prima di aver ricevuto conferma<\/strong> della disponibilit\u00e0 dell&#8217;alloggio o del servizio richiesto.<\/li><li><strong>Evita metodi di pagamento non tracciabili<\/strong> come PostePay, Western Union o altri simili, soprattutto se non conosci la persona con cui stai trattando.<\/li><li><strong>Diffida di comunicazioni da paesi esteri<\/strong>, soprattutto se il contenuto dell&#8217;annuncio o dei messaggi contiene errori grammaticali o appare tradotto in modo approssimativo.<\/li><li><strong>Paga preferibilmente di persona<\/strong> al momento dell&#8217;arrivo nell&#8217;alloggio o utilizza sistemi sicuri che ti garantiscano la protezione del pagamento.<\/li><li><strong>Non condividere informazioni sensibili<\/strong> come dettagli bancari, account PayPal, o dati personali con estranei.<\/li><li><strong>Sii cauto di fronte a offerte troppo vantaggiose<\/strong>. Se il prezzo di una struttura risulta anormalmente basso, potrebbe trattarsi di una truffa.<\/li><li><strong>Attenzione anche se sei un proprietario<\/strong>: ci sono truffatori che mirano a ingannare anche chi pubblica annunci.<\/li><\/ol><h3>Cosa fare se sospetti una truffa?<\/h3><p>Se hai il sospetto di essere stato vittima di una truffa, contatta immediatamente le autorit\u00e0 competenti come la Polizia Postale e segnala l&#8217;annuncio sospetto anche a noi. In questo modo possiamo intervenire prontamente rimuovendo l&#8217;annuncio dal portale, proteggendo altri utenti.<\/p><p><strong>Buona navigazione su Napolibnb.it, e ricorda: la sicurezza viene sempre prima di tutto!<\/strong><\/p>\t\t\t\t\t\t\t\t<\/div>\n\t\t\t\t<\/div>\n\t\t\t\t<div class=\"elementor-element elementor-element-7eb3325b elementor-widget elementor-widget-spacer\" data-id=\"7eb3325b\" data-element_type=\"widget\" data-e-type=\"widget\" data-widget_type=\"spacer.default\">\n\t\t\t\t<div class=\"elementor-widget-container\">\n\t\t\t\t\t\t\t<div class=\"elementor-spacer\">\n\t\t\t<div class=\"elementor-spacer-inner\"><\/div>\n\t\t<\/div>\n\t\t\t\t\t\t<\/div>\n\t\t\t\t<\/div>\n\t\t\t\t\t<\/div>\n\t\t<\/div>\n\t\t\t\t\t<\/div>\n\t\t<\/section>\n\t\t\t\t<\/div>","protected":false},"excerpt":{"rendered":"<p>Attenti alle Truffe Consigli per evitare truffe online Napolibnb.it mette grande attenzione nella qualit\u00e0 degli annunci e nella sicurezza degli utenti. Tuttavia, vista la quantit\u00e0 di nuove inserzioni pubblicate ogni giorno, \u00e8 possibile che qualche annuncio fraudolento sfugga al nostro controllo. Come in qualsiasi transazione online, \u00e8 sempre bene mantenere alta la guardia per evitare [&hellip;]<\/p>\n","protected":false},"author":29,"featured_media":0,"parent":0,"menu_order":0,"comment_status":"closed","ping_status":"closed","template":"","meta":{"footnotes":""},"class_list":["post-11637","page","type-page","status-publish","hentry"],"_links":{"self":[{"href":"https:\/\/frosty-liskov.5-9-123-216.plesk.page\/en\/wp-json\/wp\/v2\/pages\/11637","targetHints":{"allow":["GET"]}}],"collection":[{"href":"https:\/\/frosty-liskov.5-9-123-216.plesk.page\/en\/wp-json\/wp\/v2\/pages"}],"about":[{"href":"https:\/\/frosty-liskov.5-9-123-216.plesk.page\/en\/wp-json\/wp\/v2\/types\/page"}],"author":[{"embeddable":true,"href":"https:\/\/frosty-liskov.5-9-123-216.plesk.page\/en\/wp-json\/wp\/v2\/users\/29"}],"replies":[{"embeddable":true,"href":"https:\/\/frosty-liskov.5-9-123-216.plesk.page\/en\/wp-json\/wp\/v2\/comments?post=11637"}],"version-history":[{"count":16,"href":"https:\/\/frosty-liskov.5-9-123-216.plesk.page\/en\/wp-json\/wp\/v2\/pages\/11637\/revisions"}],"predecessor-version":[{"id":13902,"href":"https:\/\/frosty-liskov.5-9-123-216.plesk.page\/en\/wp-json\/wp\/v2\/pages\/11637\/revisions\/13902"}],"wp:attachment":[{"href":"https:\/\/frosty-liskov.5-9-123-216.plesk.page\/en\/wp-json\/wp\/v2\/media?parent=11637"}],"curies":[{"name":"wp","href":"https:\/\/api.w.org\/{rel}","templated":true}]}}