{"id":11604,"date":"2024-09-10T11:13:00","date_gmt":"2024-09-10T09:13:00","guid":{"rendered":"https:\/\/www.napolibnb.it\/?page_id=11604"},"modified":"2024-10-10T17:47:37","modified_gmt":"2024-10-10T15:47:37","slug":"termini-condizioni","status":"publish","type":"page","link":"https:\/\/frosty-liskov.5-9-123-216.plesk.page\/en\/termini-condizioni\/","title":{"rendered":"Termini e Condizioni"},"content":{"rendered":"<div data-elementor-type=\"wp-page\" data-elementor-id=\"11604\" class=\"elementor elementor-11604\">\n\t\t\t\t\t\t<section class=\"elementor-section elementor-top-section elementor-element elementor-element-2cc553cc elementor-section-full_width elementor-section-height-default elementor-section-height-default\" data-id=\"2cc553cc\" data-element_type=\"section\" data-e-type=\"section\" data-settings=\"{&quot;background_background&quot;:&quot;classic&quot;}\">\n\t\t\t\t\t\t<div class=\"elementor-container elementor-column-gap-default\">\n\t\t\t\t\t<div class=\"elementor-column elementor-col-100 elementor-top-column elementor-element elementor-element-4f809123\" data-id=\"4f809123\" data-element_type=\"column\" data-e-type=\"column\">\n\t\t\t<div class=\"elementor-widget-wrap elementor-element-populated\">\n\t\t\t\t\t\t<section class=\"elementor-section elementor-inner-section elementor-element elementor-element-73ceb154 elementor-section-height-min-height elementor-section-boxed elementor-section-height-default\" data-id=\"73ceb154\" data-element_type=\"section\" data-e-type=\"section\" data-settings=\"{&quot;background_background&quot;:&quot;classic&quot;}\">\n\t\t\t\t\t\t\t<div class=\"elementor-background-overlay\"><\/div>\n\t\t\t\t\t\t\t<div class=\"elementor-container elementor-column-gap-default\">\n\t\t\t\t\t<div class=\"elementor-column elementor-col-100 elementor-inner-column elementor-element elementor-element-15c1137e\" data-id=\"15c1137e\" data-element_type=\"column\" data-e-type=\"column\">\n\t\t\t<div class=\"elementor-widget-wrap elementor-element-populated\">\n\t\t\t\t\t\t<div class=\"elementor-element elementor-element-521f0397 elementor-widget elementor-widget-lst_heading_v2\" data-id=\"521f0397\" data-element_type=\"widget\" data-e-type=\"widget\" data-widget_type=\"lst_heading_v2.default\">\n\t\t\t\t<div class=\"elementor-widget-container\">\n\t\t\t\t\t<div class=\"listivo-heading-v2-wrapper\">\n    <div class=\"listivo-heading-v2 listivo-heading-v2--left listivo-heading-v2--tablet-center listivo-heading-v2--mobile-center\">\n        \n        <h2 class=\"listivo-heading-v2__text\">\n            Termini e Condizioni        <\/h2>\n    <\/div>\n<\/div>\t\t\t\t<\/div>\n\t\t\t\t<\/div>\n\t\t\t\t<div class=\"elementor-element elementor-element-112db48 elementor-widget elementor-widget-spacer\" data-id=\"112db48\" data-element_type=\"widget\" data-e-type=\"widget\" data-widget_type=\"spacer.default\">\n\t\t\t\t<div class=\"elementor-widget-container\">\n\t\t\t\t\t\t\t<div class=\"elementor-spacer\">\n\t\t\t<div class=\"elementor-spacer-inner\"><\/div>\n\t\t<\/div>\n\t\t\t\t\t\t<\/div>\n\t\t\t\t<\/div>\n\t\t\t\t\t<\/div>\n\t\t<\/div>\n\t\t\t\t\t<\/div>\n\t\t<\/section>\n\t\t\t\t<div class=\"elementor-element elementor-element-717765fb elementor-widget elementor-widget-spacer\" data-id=\"717765fb\" data-element_type=\"widget\" data-e-type=\"widget\" data-widget_type=\"spacer.default\">\n\t\t\t\t<div class=\"elementor-widget-container\">\n\t\t\t\t\t\t\t<div class=\"elementor-spacer\">\n\t\t\t<div class=\"elementor-spacer-inner\"><\/div>\n\t\t<\/div>\n\t\t\t\t\t\t<\/div>\n\t\t\t\t<\/div>\n\t\t\t\t\t<\/div>\n\t\t<\/div>\n\t\t\t\t\t<\/div>\n\t\t<\/section>\n\t\t\t\t<section class=\"elementor-section elementor-top-section elementor-element elementor-element-3a688b03 elementor-section-boxed elementor-section-height-default elementor-section-height-default\" data-id=\"3a688b03\" data-element_type=\"section\" data-e-type=\"section\">\n\t\t\t\t\t\t<div class=\"elementor-container elementor-column-gap-default\">\n\t\t\t\t\t<div class=\"elementor-column elementor-col-100 elementor-top-column elementor-element elementor-element-5c8662af\" data-id=\"5c8662af\" data-element_type=\"column\" data-e-type=\"column\">\n\t\t\t<div class=\"elementor-widget-wrap elementor-element-populated\">\n\t\t\t\t\t\t<div class=\"elementor-element elementor-element-713f3236 elementor-widget elementor-widget-text-editor\" data-id=\"713f3236\" data-element_type=\"widget\" data-e-type=\"widget\" data-widget_type=\"text-editor.default\">\n\t\t\t\t<div class=\"elementor-widget-container\">\n\t\t\t\t\t\t\t\t\t<p><strong>1) Introduzione<\/strong><br \/>Nei presenti Termini e Condizioni d&#8217;uso sono stabilite le regole che disciplinano i servizi offerti da Napolibnb.it e l&#8217;utilizzo del sito. Le presenti condizioni possono essere modificate in qualsiasi momento tramite la pubblicazione di una versione aggiornata sul sito. Le modifiche avranno effetto immediato dalla pubblicazione.<\/p><p>L\u2019accesso e l\u2019utilizzo del sito comportano l\u2019accettazione dei Termini e Condizioni d&#8217;uso, compresi eventuali aggiornamenti. Gli utenti si impegnano a consultare regolarmente tali termini per rimanere informati su eventuali cambiamenti.<\/p><p>I presenti Termini e Condizioni sono aggiornati al 31 marzo 2024.<\/p><hr \/><p><strong>2) Modalit\u00e0 di utilizzo dei servizi di Napolibnb.it<\/strong><br \/>L&#8217;utente si impegna a pubblicare l&#8217;annuncio nella categoria pi\u00f9 appropriata e a non compiere le seguenti attivit\u00e0:<\/p><ul><li>Violare leggi in vigore o le regole sui contenuti proibiti;<\/li><li>Pubblicare annunci contenenti informazioni false o ingannevoli;<\/li><li>Violare i diritti di propriet\u00e0 intellettuale di terzi;<\/li><li>Utilizzare il servizio per inviare spam, proposte di schemi piramidali o network marketing;<\/li><li>Diffondere virus o tecnologie dannose per il sito o gli utenti;<\/li><li>Sovraccaricare le infrastrutture tecnologiche del sito;<\/li><li>Copiare o diffondere contenuti senza il consenso degli inserzionisti;<\/li><li>Raccogliere o pubblicare informazioni personali di altri utenti senza consenso;<\/li><li>Aggirare le misure di sicurezza del sito.<\/li><\/ul><p><strong>Nota bene:<\/strong> \u00c8 vietato pubblicare un numero eccessivo di annunci identici. Questo pu\u00f2 comportare la rimozione in blocco degli annunci.<\/p><p>Gli utenti non possono pubblicare contenuti che violino leggi, diritti di terzi, o che siano, a discrezione di Napolibnb.it, diffamatori, offensivi o inappropriati. Il sito non \u00e8 responsabile per l&#8217;accesso ai servizi da parte di minori, il cui utilizzo \u00e8 soggetto al consenso dei genitori o tutori legali.<\/p><hr \/><p><strong>3) Violazione delle Condizioni d&#8217;uso<\/strong><br \/>Gli utenti sono invitati a segnalare eventuali violazioni o contenuti dannosi attraverso il sistema di segnalazione presente in ogni annuncio. Napolibnb.it si riserva il diritto di limitare, sospendere o terminare l&#8217;accesso ai servizi per gli utenti che violano i Termini e Condizioni, rimuovendo i contenuti non conformi e adottando misure legali.<\/p><hr \/><p><strong>4) Limitazioni di responsabilit\u00e0<\/strong><br \/>Napolibnb.it offre un servizio di pubblicazione e consultazione di annunci immobiliari relativi a Bed and Breakfast, Case Vacanza, appartamenti, ostelli e affittacamere. <strong>Napolibnb.it \u00e8 un sito di annunci gratuito e non funge da intermediario<\/strong> n\u00e9 gestisce pagamenti o transazioni tra utenti. Qualora qualcuno si presenti come membro del nostro team richiedendo denaro per prenotazioni, diffidare immediatamente in quanto si tratta con tutta probabilit\u00e0 di una truffa.<\/p><p>Napolibnb.it non pu\u00f2 controllare la qualit\u00e0, la sicurezza o la legalit\u00e0 di tutti i contenuti pubblicati dagli utenti e non garantisce l&#8217;accesso continuo al sito, che potrebbe essere influenzato da fattori esterni. Nei limiti di legge, Napolibnb.it non \u00e8 responsabile per perdite economiche o danni derivanti dall&#8217;utilizzo del sito.<\/p><hr \/><p><strong>5) Varie<\/strong><br \/>Il presente contratto \u00e8 regolato dalla legge italiana. Qualora una clausola fosse dichiarata nulla o inefficace, tale invalidit\u00e0 non si estender\u00e0 alle altre disposizioni. Il mancato esercizio di un diritto da parte di Napolibnb.it non implica rinuncia al diritto stesso. Napolibnb.it si riserva il diritto di cedere il presente contratto in qualsiasi momento.<\/p>\t\t\t\t\t\t\t\t<\/div>\n\t\t\t\t<\/div>\n\t\t\t\t<div class=\"elementor-element elementor-element-7eb3325b elementor-widget elementor-widget-spacer\" data-id=\"7eb3325b\" data-element_type=\"widget\" data-e-type=\"widget\" data-widget_type=\"spacer.default\">\n\t\t\t\t<div class=\"elementor-widget-container\">\n\t\t\t\t\t\t\t<div class=\"elementor-spacer\">\n\t\t\t<div class=\"elementor-spacer-inner\"><\/div>\n\t\t<\/div>\n\t\t\t\t\t\t<\/div>\n\t\t\t\t<\/div>\n\t\t\t\t\t<\/div>\n\t\t<\/div>\n\t\t\t\t\t<\/div>\n\t\t<\/section>\n\t\t\t\t<\/div>","protected":false},"excerpt":{"rendered":"<p>Termini e Condizioni 1) IntroduzioneNei presenti Termini e Condizioni d&#8217;uso sono stabilite le regole che disciplinano i servizi offerti da Napolibnb.it e l&#8217;utilizzo del sito. Le presenti condizioni possono essere modificate in qualsiasi momento tramite la pubblicazione di una versione aggiornata sul sito. Le modifiche avranno effetto immediato dalla pubblicazione. L\u2019accesso e l\u2019utilizzo del sito [&hellip;]<\/p>\n","protected":false},"author":29,"featured_media":0,"parent":0,"menu_order":0,"comment_status":"closed","ping_status":"closed","template":"","meta":{"footnotes":""},"class_list":["post-11604","page","type-page","status-publish","hentry"],"_links":{"self":[{"href":"https:\/\/frosty-liskov.5-9-123-216.plesk.page\/en\/wp-json\/wp\/v2\/pages\/11604","targetHints":{"allow":["GET"]}}],"collection":[{"href":"https:\/\/frosty-liskov.5-9-123-216.plesk.page\/en\/wp-json\/wp\/v2\/pages"}],"about":[{"href":"https:\/\/frosty-liskov.5-9-123-216.plesk.page\/en\/wp-json\/wp\/v2\/types\/page"}],"author":[{"embeddable":true,"href":"https:\/\/frosty-liskov.5-9-123-216.plesk.page\/en\/wp-json\/wp\/v2\/users\/29"}],"replies":[{"embeddable":true,"href":"https:\/\/frosty-liskov.5-9-123-216.plesk.page\/en\/wp-json\/wp\/v2\/comments?post=11604"}],"version-history":[{"count":24,"href":"https:\/\/frosty-liskov.5-9-123-216.plesk.page\/en\/wp-json\/wp\/v2\/pages\/11604\/revisions"}],"predecessor-version":[{"id":13200,"href":"https:\/\/frosty-liskov.5-9-123-216.plesk.page\/en\/wp-json\/wp\/v2\/pages\/11604\/revisions\/13200"}],"wp:attachment":[{"href":"https:\/\/frosty-liskov.5-9-123-216.plesk.page\/en\/wp-json\/wp\/v2\/media?parent=11604"}],"curies":[{"name":"wp","href":"https:\/\/api.w.org\/{rel}","templated":true}]}}